{"id":14,"date":"2025-08-05T21:27:28","date_gmt":"2025-08-05T21:27:28","guid":{"rendered":"https:\/\/helpdesk.wsnes.de\/?page_id=14"},"modified":"2025-08-06T16:33:18","modified_gmt":"2025-08-06T16:33:18","slug":"dokumentation","status":"publish","type":"page","link":"https:\/\/helpdesk.wsnes.de\/?page_id=14","title":{"rendered":"Dokumentation Helpdesk"},"content":{"rendered":"\n<h2 class=\"wp-block-heading alignwide\">Plugins<\/h2>\n\n\n\n<p><strong>Taskbuilder<\/strong>: Kanban-Board f\u00fcr die Mitarbeiter der Seite, Zugriff nur f\u00fcr Klaus Prozeller, David Hofmann und Stephan Holze, installiert am 06.08.2025<\/p>\n\n\n\n<p><strong>Members<\/strong>: Plugin zur Steuerung der Benutzerrechte. Angelegt sind diese Rollen: Administrator, Mitarbeiter, Lehrer, Eltern, Sch\u00fcler. Verhindert ein Einloggen ohne Account und steuert die Sichtbarkeit der Inhalte,  installiert am 06.08.2025<\/p>\n\n\n\n<p><strong>nav menu roles<\/strong>: erm\u00f6glicht die Steuerung der Menus \u00fcber die Benutzerrolle, verhindert, dass Nutzer auf Seiten gelangen, die f\u00fcr sie nicht vorgesehen sind, installiert am 06.08.2025<\/p>\n\n\n\n<p><strong>display posts<\/strong>: erm\u00f6glicht die Verwendung von shortcuts auf der Steuerung der Startseite, installiert am 07.08.2025<\/p>\n\n\n\n<p><strong>block visibility<\/strong>: erm\u00f6glicht die Freigabe von Inhalte pro Block in Zusammenarbeit mit dem Plugin Members, installiert am 07.08.2025<\/p>\n\n\n\n<h2 class=\"wp-block-heading\">Startseite<\/h2>\n\n\n\n<p>F\u00fcr jede Benutzerrolle ist die Startseite anders. Gesteuert wird das \u00fcber die Rollenverteilung in Members und \u00fcber die Freigabe in block visibility. Die einzelnen Bl\u00f6cke sein \u00fcber einen Shortcut ausgelesen, zum Beispiel <\/p>\n\n\n<p>[display-posts tag=&#8220;digitale-dienste&#8220;]<\/p>\n\n\n\n<p><\/p>\n","protected":false},"excerpt":{"rendered":"<p>Plugins Taskbuilder: Kanban-Board f\u00fcr die Mitarbeiter der Seite, Zugriff nur f\u00fcr Klaus Prozeller, David Hofmann und Stephan Holze, installiert am [&hellip;]<\/p>\n","protected":false},"author":1,"featured_media":0,"parent":0,"menu_order":0,"comment_status":"closed","ping_status":"closed","template":"","meta":{"site-sidebar-layout":"default","site-content-layout":"","ast-site-content-layout":"default","site-content-style":"default","site-sidebar-style":"default","ast-global-header-display":"","ast-banner-title-visibility":"","ast-main-header-display":"","ast-hfb-above-header-display":"","ast-hfb-below-header-display":"","ast-hfb-mobile-header-display":"","site-post-title":"","ast-breadcrumbs-content":"","ast-featured-img":"","footer-sml-layout":"","ast-disable-related-posts":"","theme-transparent-header-meta":"","adv-header-id-meta":"","stick-header-meta":"","header-above-stick-meta":"","header-main-stick-meta":"","header-below-stick-meta":"","astra-migrate-meta-layouts":"default","ast-page-background-enabled":"default","ast-page-background-meta":{"desktop":{"background-color":"var(--ast-global-color-5)","background-image":"","background-repeat":"repeat","background-position":"center center","background-size":"auto","background-attachment":"scroll","background-type":"","background-media":"","overlay-type":"","overlay-color":"","overlay-opacity":"","overlay-gradient":""},"tablet":{"background-color":"","background-image":"","background-repeat":"repeat","background-position":"center center","background-size":"auto","background-attachment":"scroll","background-type":"","background-media":"","overlay-type":"","overlay-color":"","overlay-opacity":"","overlay-gradient":""},"mobile":{"background-color":"","background-image":"","background-repeat":"repeat","background-position":"center center","background-size":"auto","background-attachment":"scroll","background-type":"","background-media":"","overlay-type":"","overlay-color":"","overlay-opacity":"","overlay-gradient":""}},"ast-content-background-meta":{"desktop":{"background-color":"var(--ast-global-color-4)","background-image":"","background-repeat":"repeat","background-position":"center center","background-size":"auto","background-attachment":"scroll","background-type":"","background-media":"","overlay-type":"","overlay-color":"","overlay-opacity":"","overlay-gradient":""},"tablet":{"background-color":"var(--ast-global-color-4)","background-image":"","background-repeat":"repeat","background-position":"center center","background-size":"auto","background-attachment":"scroll","background-type":"","background-media":"","overlay-type":"","overlay-color":"","overlay-opacity":"","overlay-gradient":""},"mobile":{"background-color":"var(--ast-global-color-4)","background-image":"","background-repeat":"repeat","background-position":"center center","background-size":"auto","background-attachment":"scroll","background-type":"","background-media":"","overlay-type":"","overlay-color":"","overlay-opacity":"","overlay-gradient":""}},"footnotes":""},"class_list":["post-14","page","type-page","status-publish","hentry"],"_links":{"self":[{"href":"https:\/\/helpdesk.wsnes.de\/index.php?rest_route=\/wp\/v2\/pages\/14","targetHints":{"allow":["GET"]}}],"collection":[{"href":"https:\/\/helpdesk.wsnes.de\/index.php?rest_route=\/wp\/v2\/pages"}],"about":[{"href":"https:\/\/helpdesk.wsnes.de\/index.php?rest_route=\/wp\/v2\/types\/page"}],"author":[{"embeddable":true,"href":"https:\/\/helpdesk.wsnes.de\/index.php?rest_route=\/wp\/v2\/users\/1"}],"replies":[{"embeddable":true,"href":"https:\/\/helpdesk.wsnes.de\/index.php?rest_route=%2Fwp%2Fv2%2Fcomments&post=14"}],"version-history":[{"count":15,"href":"https:\/\/helpdesk.wsnes.de\/index.php?rest_route=\/wp\/v2\/pages\/14\/revisions"}],"predecessor-version":[{"id":191,"href":"https:\/\/helpdesk.wsnes.de\/index.php?rest_route=\/wp\/v2\/pages\/14\/revisions\/191"}],"wp:attachment":[{"href":"https:\/\/helpdesk.wsnes.de\/index.php?rest_route=%2Fwp%2Fv2%2Fmedia&parent=14"}],"curies":[{"name":"wp","href":"https:\/\/api.w.org\/{rel}","templated":true}]}}