{"id":380,"date":"2025-12-16T13:01:07","date_gmt":"2025-12-16T13:01:07","guid":{"rendered":"https:\/\/helpdesk.wsnes.de\/?page_id=380"},"modified":"2026-03-10T19:57:25","modified_gmt":"2026-03-10T19:57:25","slug":"klaus","status":"publish","type":"page","link":"https:\/\/helpdesk.wsnes.de\/?page_id=380","title":{"rendered":"Klaus"},"content":{"rendered":"\n<p>iwctgnwiufg siug\u00f6f i UG \u00d6OUEAGV \u00d6IUEGV&lt;I UEG\u00d6IEU G\u00d6weiug \u00f6eugv lsiugv<\/p>\n\n\n\n<p>s&lt;u&lt; iuvb&lt;uabv&lt;i u vaug<\/p>\n\n\n\n<figure class=\"wp-block-image size-large\"><img loading=\"lazy\" decoding=\"async\" width=\"1024\" height=\"668\" src=\"https:\/\/helpdesk.wsnes.de\/wp-content\/uploads\/2025\/12\/landscape-tree-water-nature-grass-outdoor-1327743-pxhere-com-1024x668.jpg\" alt=\"\" class=\"wp-image-224\" srcset=\"https:\/\/helpdesk.wsnes.de\/wp-content\/uploads\/2025\/12\/landscape-tree-water-nature-grass-outdoor-1327743-pxhere-com-1024x668.jpg 1024w, https:\/\/helpdesk.wsnes.de\/wp-content\/uploads\/2025\/12\/landscape-tree-water-nature-grass-outdoor-1327743-pxhere-com-300x196.jpg 300w, https:\/\/helpdesk.wsnes.de\/wp-content\/uploads\/2025\/12\/landscape-tree-water-nature-grass-outdoor-1327743-pxhere-com-768x501.jpg 768w, https:\/\/helpdesk.wsnes.de\/wp-content\/uploads\/2025\/12\/landscape-tree-water-nature-grass-outdoor-1327743-pxhere-com-1536x1002.jpg 1536w, https:\/\/helpdesk.wsnes.de\/wp-content\/uploads\/2025\/12\/landscape-tree-water-nature-grass-outdoor-1327743-pxhere-com.jpg 1920w\" sizes=\"auto, (max-width: 1024px) 100vw, 1024px\" \/><\/figure>\n\n\n\n<p>Abc &lt;.usc&lt;subv.k&lt;sbv.&lt;<a href=\"https:\/\/helpdesk.wsnes.de\/?page_id=370\" data-type=\"page\" data-id=\"370\">kydbv.kjybvkb<\/a><\/p>\n\n\n\n<h2 class=\"wp-block-heading has-vivid-red-background-color has-background\">skfo wiswi sbv <\/h2>\n\n\n\n<ul class=\"wp-block-list\">\n<li>yuf souhfvs<\/li>\n\n\n\n<li>uns lkdnlg<\/li>\n\n\n\n<li>lsjsng lsdjbg <\/li>\n\n\n\n<li>l sjksljb<\/li>\n<\/ul>\n\n\n\n<h1 class=\"wp-block-heading\"><\/h1>\n\n\n<ul class=\"wp-block-latest-posts__list wp-block-latest-posts\"><li><a class=\"wp-block-latest-posts__post-title\" href=\"https:\/\/helpdesk.wsnes.de\/?p=638\">Test-Titel<\/a><\/li>\n<\/ul>","protected":false},"excerpt":{"rendered":"<p>iwctgnwiufg siug\u00f6f i UG \u00d6OUEAGV \u00d6IUEGV&lt;I UEG\u00d6IEU G\u00d6weiug \u00f6eugv lsiugv s&lt;u&lt; iuvb&lt;uabv&lt;i u vaug Abc &lt;.usc&lt;subv.k&lt;sbv.&lt;kydbv.kjybvkb skfo wiswi sbv<\/p>\n","protected":false},"author":1,"featured_media":0,"parent":0,"menu_order":0,"comment_status":"closed","ping_status":"closed","template":"","meta":{"site-sidebar-layout":"default","site-content-layout":"","ast-site-content-layout":"default","site-content-style":"default","site-sidebar-style":"default","ast-global-header-display":"","ast-banner-title-visibility":"","ast-main-header-display":"","ast-hfb-above-header-display":"","ast-hfb-below-header-display":"","ast-hfb-mobile-header-display":"","site-post-title":"","ast-breadcrumbs-content":"","ast-featured-img":"","footer-sml-layout":"","ast-disable-related-posts":"","theme-transparent-header-meta":"","adv-header-id-meta":"","stick-header-meta":"","header-above-stick-meta":"","header-main-stick-meta":"","header-below-stick-meta":"","astra-migrate-meta-layouts":"default","ast-page-background-enabled":"default","ast-page-background-meta":{"desktop":{"background-color":"var(--ast-global-color-5)","background-image":"","background-repeat":"repeat","background-position":"center center","background-size":"auto","background-attachment":"scroll","background-type":"","background-media":"","overlay-type":"","overlay-color":"","overlay-opacity":"","overlay-gradient":""},"tablet":{"background-color":"","background-image":"","background-repeat":"repeat","background-position":"center center","background-size":"auto","background-attachment":"scroll","background-type":"","background-media":"","overlay-type":"","overlay-color":"","overlay-opacity":"","overlay-gradient":""},"mobile":{"background-color":"","background-image":"","background-repeat":"repeat","background-position":"center center","background-size":"auto","background-attachment":"scroll","background-type":"","background-media":"","overlay-type":"","overlay-color":"","overlay-opacity":"","overlay-gradient":""}},"ast-content-background-meta":{"desktop":{"background-color":"var(--ast-global-color-4)","background-image":"","background-repeat":"repeat","background-position":"center center","background-size":"auto","background-attachment":"scroll","background-type":"","background-media":"","overlay-type":"","overlay-color":"","overlay-opacity":"","overlay-gradient":""},"tablet":{"background-color":"var(--ast-global-color-4)","background-image":"","background-repeat":"repeat","background-position":"center center","background-size":"auto","background-attachment":"scroll","background-type":"","background-media":"","overlay-type":"","overlay-color":"","overlay-opacity":"","overlay-gradient":""},"mobile":{"background-color":"var(--ast-global-color-4)","background-image":"","background-repeat":"repeat","background-position":"center center","background-size":"auto","background-attachment":"scroll","background-type":"","background-media":"","overlay-type":"","overlay-color":"","overlay-opacity":"","overlay-gradient":""}},"footnotes":""},"class_list":["post-380","page","type-page","status-publish","hentry"],"_links":{"self":[{"href":"https:\/\/helpdesk.wsnes.de\/index.php?rest_route=\/wp\/v2\/pages\/380","targetHints":{"allow":["GET"]}}],"collection":[{"href":"https:\/\/helpdesk.wsnes.de\/index.php?rest_route=\/wp\/v2\/pages"}],"about":[{"href":"https:\/\/helpdesk.wsnes.de\/index.php?rest_route=\/wp\/v2\/types\/page"}],"author":[{"embeddable":true,"href":"https:\/\/helpdesk.wsnes.de\/index.php?rest_route=\/wp\/v2\/users\/1"}],"replies":[{"embeddable":true,"href":"https:\/\/helpdesk.wsnes.de\/index.php?rest_route=%2Fwp%2Fv2%2Fcomments&post=380"}],"version-history":[{"count":6,"href":"https:\/\/helpdesk.wsnes.de\/index.php?rest_route=\/wp\/v2\/pages\/380\/revisions"}],"predecessor-version":[{"id":644,"href":"https:\/\/helpdesk.wsnes.de\/index.php?rest_route=\/wp\/v2\/pages\/380\/revisions\/644"}],"wp:attachment":[{"href":"https:\/\/helpdesk.wsnes.de\/index.php?rest_route=%2Fwp%2Fv2%2Fmedia&parent=380"}],"curies":[{"name":"wp","href":"https:\/\/api.w.org\/{rel}","templated":true}]}}