{"id":445,"date":"2025-12-28T13:52:03","date_gmt":"2025-12-28T13:52:03","guid":{"rendered":"https:\/\/helpdesk.wsnes.de\/?page_id=445"},"modified":"2026-02-28T12:11:25","modified_gmt":"2026-02-28T12:11:25","slug":"informationen-recherchieren-kuratieren-bewerten","status":"publish","type":"page","link":"https:\/\/helpdesk.wsnes.de\/?page_id=445","title":{"rendered":"Informationen\u00a0recherchieren, kuratieren &amp; bewerten"},"content":{"rendered":"<ul class=\"wp-block-latest-posts__list is-grid columns-3 wp-block-latest-posts\"><li><div class=\"wp-block-latest-posts__featured-image\"><img loading=\"lazy\" decoding=\"async\" width=\"129\" height=\"150\" src=\"https:\/\/helpdesk.wsnes.de\/wp-content\/uploads\/2026\/02\/BayernAtlas_Logo_hoch-e1772280576488.jpg\" class=\"attachment-thumbnail size-thumbnail wp-post-image\" alt=\"\" style=\"max-width:113px;max-height:113px;\" \/><\/div><a class=\"wp-block-latest-posts__post-title\" href=\"https:\/\/helpdesk.wsnes.de\/?p=544\">Bayernatlas<\/a><div class=\"wp-block-latest-posts__post-excerpt\">Der BayernAtlas erm\u00f6glicht den kostenfreien Zugriff auf amtliche Karten, Luftbilder und historische Ansichten des Freistaates Bayern. Mit integrierten Werkzeugen zum Messen, Zeichnen und Analysieren eignet sich die Anwendung f\u00fcr vielf\u00e4ltige p\u00e4dagogische Szenarien von der Geographie bis zur Mathematik. Eine Registrierung ist f\u00fcr die Nutzung im Unterricht nicht erforderlich.<\/div><\/li>\n<li><div class=\"wp-block-latest-posts__featured-image\"><img loading=\"lazy\" decoding=\"async\" width=\"150\" height=\"150\" src=\"https:\/\/helpdesk.wsnes.de\/wp-content\/uploads\/2026\/02\/images-150x150.png\" class=\"attachment-thumbnail size-thumbnail wp-post-image\" alt=\"\" style=\"max-width:113px;max-height:113px;\" srcset=\"https:\/\/helpdesk.wsnes.de\/wp-content\/uploads\/2026\/02\/images-150x150.png 150w, https:\/\/helpdesk.wsnes.de\/wp-content\/uploads\/2026\/02\/images.png 225w\" sizes=\"auto, (max-width: 150px) 100vw, 150px\" \/><\/div><a class=\"wp-block-latest-posts__post-title\" href=\"https:\/\/helpdesk.wsnes.de\/?p=627\">FWU Mediathek<\/a><div class=\"wp-block-latest-posts__post-excerpt\">Die FWU-Mediathek bietet Lehrkr\u00e4ften und Lernenden Zugriff auf eine umfangreiche Sammlung an rechtssicheren Bildungsmedien und didaktischen Begleitmaterialien. Das Portal erm\u00f6glicht sowohl das Streaming im Unterricht als auch die gezielte Freigabe von Inhalten f\u00fcr die h\u00e4usliche Bearbeitung.<\/div><\/li>\n<li><div class=\"wp-block-latest-posts__featured-image\"><img loading=\"lazy\" decoding=\"async\" width=\"150\" height=\"150\" src=\"https:\/\/helpdesk.wsnes.de\/wp-content\/uploads\/2026\/02\/1200x630wa-150x150.jpg\" class=\"attachment-thumbnail size-thumbnail wp-post-image\" alt=\"\" style=\"max-width:113px;max-height:113px;\" \/><\/div><a class=\"wp-block-latest-posts__post-title\" href=\"https:\/\/helpdesk.wsnes.de\/?p=558\">MauAR<\/a><div class=\"wp-block-latest-posts__post-excerpt\">Die App MauAR erm\u00f6glicht die virtuelle Rekonstruktion der Berliner Mauer mittels Augmented Reality. Lehrkr\u00e4fte und Lernende k\u00f6nnen die historischen Grenzanlagen ma\u00dfstabsgetreu im Raum visualisieren und durch multimediale Inhalte erg\u00e4nzen. Die Anwendung eignet sich insbesondere f\u00fcr die f\u00e4cher\u00fcbergreifende historische und politische Bildung.<\/div><\/li>\n<li><div class=\"wp-block-latest-posts__featured-image\"><img loading=\"lazy\" decoding=\"async\" width=\"150\" height=\"150\" src=\"https:\/\/helpdesk.wsnes.de\/wp-content\/uploads\/2026\/02\/fittosize_1200_0_3403be52dc73b287b2043f7fc02f45c5_telli-logo2-150x150.png\" class=\"attachment-thumbnail size-thumbnail wp-post-image\" alt=\"\" style=\"max-width:113px;max-height:113px;\" \/><\/div><a class=\"wp-block-latest-posts__post-title\" href=\"https:\/\/helpdesk.wsnes.de\/?p=536\">Telli (Chatbot f\u00fcr die Schule)<\/a><div class=\"wp-block-latest-posts__post-excerpt\">telli ist der offizielle KI-Chatbot f\u00fcr bayerische Schulen, der einen sicheren und datenschutzkonformen Zugang zu modernen Sprachmodellen bietet. Lehrkr\u00e4fte k\u00f6nnen gezielte Lernszenarien per Link f\u00fcr ihre Klassen freigeben, ohne dass Sch\u00fclerinnen und Sch\u00fcler eigene Accounts ben\u00f6tigen.<\/div><\/li>\n<li><div class=\"wp-block-latest-posts__featured-image\"><img loading=\"lazy\" decoding=\"async\" width=\"150\" height=\"150\" src=\"https:\/\/helpdesk.wsnes.de\/wp-content\/uploads\/2026\/02\/Unknown-150x150.jpeg\" class=\"attachment-thumbnail size-thumbnail wp-post-image\" alt=\"\" style=\"max-width:113px;max-height:113px;\" srcset=\"https:\/\/helpdesk.wsnes.de\/wp-content\/uploads\/2026\/02\/Unknown-150x150.jpeg 150w, https:\/\/helpdesk.wsnes.de\/wp-content\/uploads\/2026\/02\/Unknown.jpeg 225w\" sizes=\"auto, (max-width: 150px) 100vw, 150px\" \/><\/div><a class=\"wp-block-latest-posts__post-title\" href=\"https:\/\/helpdesk.wsnes.de\/?p=569\">WDR AR 1933-1945<\/a><div class=\"wp-block-latest-posts__post-excerpt\">Die App\u00a0WDR AR 1933-1945\u00a0macht Zeitzeugengeschichten aus der Zeit des Nationalsozialismus mittels Augmented Reality im Klassenraum erfahrbar. Ohne Anmeldung k\u00f6nnen Lehrkr\u00e4fte und Lernende Hologramme von \u00dcberlebenden projizieren und deren Berichte in den Unterricht integrieren. Die Anwendung f\u00f6rdert die historische Urteilskompetenz durch einen innovativen, immersiven Zugang zur Erinnerungskultur.<\/div><\/li>\n<\/ul>","protected":false},"excerpt":{"rendered":"","protected":false},"author":1,"featured_media":0,"parent":0,"menu_order":0,"comment_status":"closed","ping_status":"closed","template":"","meta":{"site-sidebar-layout":"default","site-content-layout":"","ast-site-content-layout":"default","site-content-style":"default","site-sidebar-style":"default","ast-global-header-display":"","ast-banner-title-visibility":"","ast-main-header-display":"","ast-hfb-above-header-display":"","ast-hfb-below-header-display":"","ast-hfb-mobile-header-display":"","site-post-title":"","ast-breadcrumbs-content":"","ast-featured-img":"","footer-sml-layout":"","ast-disable-related-posts":"","theme-transparent-header-meta":"","adv-header-id-meta":"","stick-header-meta":"","header-above-stick-meta":"","header-main-stick-meta":"","header-below-stick-meta":"","astra-migrate-meta-layouts":"default","ast-page-background-enabled":"default","ast-page-background-meta":{"desktop":{"background-color":"var(--ast-global-color-5)","background-image":"","background-repeat":"repeat","background-position":"center center","background-size":"auto","background-attachment":"scroll","background-type":"","background-media":"","overlay-type":"","overlay-color":"","overlay-opacity":"","overlay-gradient":""},"tablet":{"background-color":"","background-image":"","background-repeat":"repeat","background-position":"center center","background-size":"auto","background-attachment":"scroll","background-type":"","background-media":"","overlay-type":"","overlay-color":"","overlay-opacity":"","overlay-gradient":""},"mobile":{"background-color":"","background-image":"","background-repeat":"repeat","background-position":"center center","background-size":"auto","background-attachment":"scroll","background-type":"","background-media":"","overlay-type":"","overlay-color":"","overlay-opacity":"","overlay-gradient":""}},"ast-content-background-meta":{"desktop":{"background-color":"var(--ast-global-color-4)","background-image":"","background-repeat":"repeat","background-position":"center center","background-size":"auto","background-attachment":"scroll","background-type":"","background-media":"","overlay-type":"","overlay-color":"","overlay-opacity":"","overlay-gradient":""},"tablet":{"background-color":"var(--ast-global-color-4)","background-image":"","background-repeat":"repeat","background-position":"center center","background-size":"auto","background-attachment":"scroll","background-type":"","background-media":"","overlay-type":"","overlay-color":"","overlay-opacity":"","overlay-gradient":""},"mobile":{"background-color":"var(--ast-global-color-4)","background-image":"","background-repeat":"repeat","background-position":"center center","background-size":"auto","background-attachment":"scroll","background-type":"","background-media":"","overlay-type":"","overlay-color":"","overlay-opacity":"","overlay-gradient":""}},"footnotes":""},"class_list":["post-445","page","type-page","status-publish","hentry"],"_links":{"self":[{"href":"https:\/\/helpdesk.wsnes.de\/index.php?rest_route=\/wp\/v2\/pages\/445","targetHints":{"allow":["GET"]}}],"collection":[{"href":"https:\/\/helpdesk.wsnes.de\/index.php?rest_route=\/wp\/v2\/pages"}],"about":[{"href":"https:\/\/helpdesk.wsnes.de\/index.php?rest_route=\/wp\/v2\/types\/page"}],"author":[{"embeddable":true,"href":"https:\/\/helpdesk.wsnes.de\/index.php?rest_route=\/wp\/v2\/users\/1"}],"replies":[{"embeddable":true,"href":"https:\/\/helpdesk.wsnes.de\/index.php?rest_route=%2Fwp%2Fv2%2Fcomments&post=445"}],"version-history":[{"count":4,"href":"https:\/\/helpdesk.wsnes.de\/index.php?rest_route=\/wp\/v2\/pages\/445\/revisions"}],"predecessor-version":[{"id":632,"href":"https:\/\/helpdesk.wsnes.de\/index.php?rest_route=\/wp\/v2\/pages\/445\/revisions\/632"}],"wp:attachment":[{"href":"https:\/\/helpdesk.wsnes.de\/index.php?rest_route=%2Fwp%2Fv2%2Fmedia&parent=445"}],"curies":[{"name":"wp","href":"https:\/\/api.w.org\/{rel}","templated":true}]}}