{"id":456,"date":"2025-12-28T14:00:00","date_gmt":"2025-12-28T14:00:00","guid":{"rendered":"https:\/\/helpdesk.wsnes.de\/?page_id=456"},"modified":"2026-02-09T12:47:19","modified_gmt":"2026-02-09T12:47:19","slug":"kooperatives-und-interaktives-schreiben","status":"publish","type":"page","link":"https:\/\/helpdesk.wsnes.de\/?page_id=456","title":{"rendered":"Kooperatives und interaktives Schreiben"},"content":{"rendered":"<ul class=\"wp-block-latest-posts__list is-grid columns-3 has-link-color wp-elements-831af51d514cab902208c7bad631ea26 wp-block-latest-posts has-text-color has-black-color\"><li><div class=\"wp-block-latest-posts__featured-image alignleft\"><a href=\"https:\/\/helpdesk.wsnes.de\/?p=478\" aria-label=\"Book Creator\"><img loading=\"lazy\" decoding=\"async\" width=\"150\" height=\"148\" src=\"https:\/\/helpdesk.wsnes.de\/wp-content\/uploads\/2025\/12\/Unknown-150x148.jpeg\" class=\"attachment-thumbnail size-thumbnail wp-post-image\" alt=\"\" style=\"max-width:113px;max-height:113px;\" \/><\/a><\/div><a class=\"wp-block-latest-posts__post-title\" href=\"https:\/\/helpdesk.wsnes.de\/?p=478\">Book Creator<\/a><div class=\"wp-block-latest-posts__post-excerpt\">Book Creator ist eine webbasierte Anwendung zur Erstellung digitaler B\u00fccher. Inhalte werden seitenweise angelegt und k\u00f6nnen Texte, Bilder, Audioaufnahmen, Videos und Zeichnungen enthalten. Die Nutzung erfolgt \u00fcber einen Webbrowser<\/div><\/li>\n<li><div class=\"wp-block-latest-posts__featured-image alignleft\"><a href=\"https:\/\/helpdesk.wsnes.de\/?p=512\" aria-label=\"ByCS drive\"><img loading=\"lazy\" decoding=\"async\" width=\"150\" height=\"150\" src=\"https:\/\/helpdesk.wsnes.de\/wp-content\/uploads\/2025\/12\/image-2-150x150.png\" class=\"attachment-thumbnail size-thumbnail wp-post-image\" alt=\"\" style=\"max-width:113px;max-height:113px;\" \/><\/a><\/div><a class=\"wp-block-latest-posts__post-title\" href=\"https:\/\/helpdesk.wsnes.de\/?p=512\">ByCS drive<\/a><div class=\"wp-block-latest-posts__post-excerpt\">ByCS Drive ist ein cloudbasierter Speicherdienst innerhalb der BayernCloud Schule. Die Anwendung dient der digitalen Ablage, Organisation und Bereitstellung von Dateien f\u00fcr schulische Zwecke. Sie ist Teil der landesweiten IT-Infrastruktur f\u00fcr Schulen in Bayern.<\/div><\/li>\n<li><div class=\"wp-block-latest-posts__featured-image alignleft\"><a href=\"https:\/\/helpdesk.wsnes.de\/?p=518\" aria-label=\"ByCS Lernplattform (ehemals mebis)\"><img loading=\"lazy\" decoding=\"async\" width=\"150\" height=\"150\" src=\"https:\/\/helpdesk.wsnes.de\/wp-content\/uploads\/2025\/12\/image-1-150x150.png\" class=\"attachment-thumbnail size-thumbnail wp-post-image\" alt=\"\" style=\"max-width:113px;max-height:113px;\" srcset=\"https:\/\/helpdesk.wsnes.de\/wp-content\/uploads\/2025\/12\/image-1-150x150.png 150w, https:\/\/helpdesk.wsnes.de\/wp-content\/uploads\/2025\/12\/image-1.png 225w\" sizes=\"auto, (max-width: 150px) 100vw, 150px\" \/><\/a><\/div><a class=\"wp-block-latest-posts__post-title\" href=\"https:\/\/helpdesk.wsnes.de\/?p=518\">ByCS Lernplattform (ehemals mebis)<\/a><div class=\"wp-block-latest-posts__post-excerpt\">ByCS Lernplattform ist die zentrale Lernplattform der BayernCloud Schule. Sie stellt eine digitale Umgebung f\u00fcr Unterricht, Kommunikation und Materialbereitstellung bereit und basiert auf einer landesweit einheitlichen Infrastruktur f\u00fcr bayerische Schulen.<\/div><\/li>\n<li><div class=\"wp-block-latest-posts__featured-image alignleft\"><a href=\"https:\/\/helpdesk.wsnes.de\/?p=497\" aria-label=\"ByCS Office\"><img loading=\"lazy\" decoding=\"async\" width=\"150\" height=\"150\" src=\"https:\/\/helpdesk.wsnes.de\/wp-content\/uploads\/2025\/12\/image-1-150x150.png\" class=\"attachment-thumbnail size-thumbnail wp-post-image\" alt=\"\" style=\"max-width:113px;max-height:113px;\" srcset=\"https:\/\/helpdesk.wsnes.de\/wp-content\/uploads\/2025\/12\/image-1-150x150.png 150w, https:\/\/helpdesk.wsnes.de\/wp-content\/uploads\/2025\/12\/image-1.png 225w\" sizes=\"auto, (max-width: 150px) 100vw, 150px\" \/><\/a><\/div><a class=\"wp-block-latest-posts__post-title\" href=\"https:\/\/helpdesk.wsnes.de\/?p=497\">ByCS Office<\/a><div class=\"wp-block-latest-posts__post-excerpt\">ByCS Office ist ein webbasiertes Office-Paket innerhalb der BayernCloud Schule. Es stellt zentrale Funktionen zur Textverarbeitung, Tabellenkalkulation und Pr\u00e4sentation bereit. Die Anwendung ist browserbasiert und Bestandteil der staatlichen digitalen Schulumgebung in Bayern.<\/div><\/li>\n<\/ul>","protected":false},"excerpt":{"rendered":"","protected":false},"author":1,"featured_media":0,"parent":0,"menu_order":0,"comment_status":"closed","ping_status":"closed","template":"","meta":{"site-sidebar-layout":"default","site-content-layout":"","ast-site-content-layout":"default","site-content-style":"default","site-sidebar-style":"default","ast-global-header-display":"","ast-banner-title-visibility":"","ast-main-header-display":"","ast-hfb-above-header-display":"","ast-hfb-below-header-display":"","ast-hfb-mobile-header-display":"","site-post-title":"","ast-breadcrumbs-content":"","ast-featured-img":"","footer-sml-layout":"","ast-disable-related-posts":"","theme-transparent-header-meta":"","adv-header-id-meta":"","stick-header-meta":"","header-above-stick-meta":"","header-main-stick-meta":"","header-below-stick-meta":"","astra-migrate-meta-layouts":"default","ast-page-background-enabled":"default","ast-page-background-meta":{"desktop":{"background-color":"var(--ast-global-color-5)","background-image":"","background-repeat":"repeat","background-position":"center center","background-size":"auto","background-attachment":"scroll","background-type":"","background-media":"","overlay-type":"","overlay-color":"","overlay-opacity":"","overlay-gradient":""},"tablet":{"background-color":"","background-image":"","background-repeat":"repeat","background-position":"center center","background-size":"auto","background-attachment":"scroll","background-type":"","background-media":"","overlay-type":"","overlay-color":"","overlay-opacity":"","overlay-gradient":""},"mobile":{"background-color":"","background-image":"","background-repeat":"repeat","background-position":"center center","background-size":"auto","background-attachment":"scroll","background-type":"","background-media":"","overlay-type":"","overlay-color":"","overlay-opacity":"","overlay-gradient":""}},"ast-content-background-meta":{"desktop":{"background-color":"var(--ast-global-color-4)","background-image":"","background-repeat":"repeat","background-position":"center center","background-size":"auto","background-attachment":"scroll","background-type":"","background-media":"","overlay-type":"","overlay-color":"","overlay-opacity":"","overlay-gradient":""},"tablet":{"background-color":"var(--ast-global-color-4)","background-image":"","background-repeat":"repeat","background-position":"center center","background-size":"auto","background-attachment":"scroll","background-type":"","background-media":"","overlay-type":"","overlay-color":"","overlay-opacity":"","overlay-gradient":""},"mobile":{"background-color":"var(--ast-global-color-4)","background-image":"","background-repeat":"repeat","background-position":"center center","background-size":"auto","background-attachment":"scroll","background-type":"","background-media":"","overlay-type":"","overlay-color":"","overlay-opacity":"","overlay-gradient":""}},"footnotes":""},"class_list":["post-456","page","type-page","status-publish","hentry"],"_links":{"self":[{"href":"https:\/\/helpdesk.wsnes.de\/index.php?rest_route=\/wp\/v2\/pages\/456","targetHints":{"allow":["GET"]}}],"collection":[{"href":"https:\/\/helpdesk.wsnes.de\/index.php?rest_route=\/wp\/v2\/pages"}],"about":[{"href":"https:\/\/helpdesk.wsnes.de\/index.php?rest_route=\/wp\/v2\/types\/page"}],"author":[{"embeddable":true,"href":"https:\/\/helpdesk.wsnes.de\/index.php?rest_route=\/wp\/v2\/users\/1"}],"replies":[{"embeddable":true,"href":"https:\/\/helpdesk.wsnes.de\/index.php?rest_route=%2Fwp%2Fv2%2Fcomments&post=456"}],"version-history":[{"count":4,"href":"https:\/\/helpdesk.wsnes.de\/index.php?rest_route=\/wp\/v2\/pages\/456\/revisions"}],"predecessor-version":[{"id":600,"href":"https:\/\/helpdesk.wsnes.de\/index.php?rest_route=\/wp\/v2\/pages\/456\/revisions\/600"}],"wp:attachment":[{"href":"https:\/\/helpdesk.wsnes.de\/index.php?rest_route=%2Fwp%2Fv2%2Fmedia&parent=456"}],"curies":[{"name":"wp","href":"https:\/\/api.w.org\/{rel}","templated":true}]}}