{"id":472,"date":"2025-12-28T14:05:33","date_gmt":"2025-12-28T14:05:33","guid":{"rendered":"https:\/\/helpdesk.wsnes.de\/?page_id=472"},"modified":"2026-02-09T12:48:25","modified_gmt":"2026-02-09T12:48:25","slug":"unterricht-organisieren","status":"publish","type":"page","link":"https:\/\/helpdesk.wsnes.de\/?page_id=472","title":{"rendered":"Unterricht organisieren"},"content":{"rendered":"<ul class=\"wp-block-latest-posts__list is-grid columns-3 wp-block-latest-posts\"><li><div class=\"wp-block-latest-posts__featured-image\"><img loading=\"lazy\" decoding=\"async\" width=\"150\" height=\"150\" src=\"https:\/\/helpdesk.wsnes.de\/wp-content\/uploads\/2025\/12\/image-2-150x150.png\" class=\"attachment-thumbnail size-thumbnail wp-post-image\" alt=\"\" style=\"\" \/><\/div><a class=\"wp-block-latest-posts__post-title\" href=\"https:\/\/helpdesk.wsnes.de\/?p=512\">ByCS drive<\/a><div class=\"wp-block-latest-posts__post-excerpt\">ByCS Drive ist ein cloudbasierter Speicherdienst innerhalb der BayernCloud Schule. Die Anwendung dient der digitalen Ablage, Organisation und Bereitstellung von Dateien f\u00fcr schulische Zwecke. Sie ist Teil der landesweiten IT-Infrastruktur f\u00fcr Schulen in Bayern.<\/div><\/li>\n<li><div class=\"wp-block-latest-posts__featured-image\"><img loading=\"lazy\" decoding=\"async\" width=\"150\" height=\"150\" src=\"https:\/\/helpdesk.wsnes.de\/wp-content\/uploads\/2025\/12\/image-1-150x150.png\" class=\"attachment-thumbnail size-thumbnail wp-post-image\" alt=\"\" style=\"\" srcset=\"https:\/\/helpdesk.wsnes.de\/wp-content\/uploads\/2025\/12\/image-1-150x150.png 150w, https:\/\/helpdesk.wsnes.de\/wp-content\/uploads\/2025\/12\/image-1.png 225w\" sizes=\"auto, (max-width: 150px) 100vw, 150px\" \/><\/div><a class=\"wp-block-latest-posts__post-title\" href=\"https:\/\/helpdesk.wsnes.de\/?p=518\">ByCS Lernplattform (ehemals mebis)<\/a><div class=\"wp-block-latest-posts__post-excerpt\">ByCS Lernplattform ist die zentrale Lernplattform der BayernCloud Schule. Sie stellt eine digitale Umgebung f\u00fcr Unterricht, Kommunikation und Materialbereitstellung bereit und basiert auf einer landesweit einheitlichen Infrastruktur f\u00fcr bayerische Schulen.<\/div><\/li>\n<li><div class=\"wp-block-latest-posts__featured-image\"><img loading=\"lazy\" decoding=\"async\" width=\"150\" height=\"150\" src=\"https:\/\/helpdesk.wsnes.de\/wp-content\/uploads\/2025\/12\/image-150x150.jpeg\" class=\"attachment-thumbnail size-thumbnail wp-post-image\" alt=\"\" style=\"\" \/><\/div><a class=\"wp-block-latest-posts__post-title\" href=\"https:\/\/helpdesk.wsnes.de\/?p=508\">dpa picture alliance<\/a><div class=\"wp-block-latest-posts__post-excerpt\">dpa picture alliance ist eine Bild- und Grafikagentur, die neben redaktionellen Pressefotos auch Infografiken und visuelle Datenaufbereitungen bereitstellt. Diese Inhalte werden journalistisch erstellt und orientieren sich an aktuellen Ereignissen sowie an langfristigen Themen aus Politik, Gesellschaft, Wirtschaft, Wissenschaft und Umwelt.<\/div><\/li>\n<li><div class=\"wp-block-latest-posts__featured-image\"><img loading=\"lazy\" decoding=\"async\" width=\"150\" height=\"150\" src=\"https:\/\/helpdesk.wsnes.de\/wp-content\/uploads\/2026\/02\/fittosize_1200_0_3403be52dc73b287b2043f7fc02f45c5_telli-logo2-150x150.png\" class=\"attachment-thumbnail size-thumbnail wp-post-image\" alt=\"\" style=\"\" \/><\/div><a class=\"wp-block-latest-posts__post-title\" href=\"https:\/\/helpdesk.wsnes.de\/?p=536\">Telli (Chatbot f\u00fcr die Schule)<\/a><div class=\"wp-block-latest-posts__post-excerpt\">telli ist der offizielle KI-Chatbot f\u00fcr bayerische Schulen, der einen sicheren und datenschutzkonformen Zugang zu modernen Sprachmodellen bietet. Lehrkr\u00e4fte k\u00f6nnen gezielte Lernszenarien per Link f\u00fcr ihre Klassen freigeben, ohne dass Sch\u00fclerinnen und Sch\u00fcler eigene Accounts ben\u00f6tigen.<\/div><\/li>\n<\/ul>","protected":false},"excerpt":{"rendered":"","protected":false},"author":1,"featured_media":0,"parent":0,"menu_order":0,"comment_status":"closed","ping_status":"closed","template":"","meta":{"site-sidebar-layout":"default","site-content-layout":"","ast-site-content-layout":"default","site-content-style":"default","site-sidebar-style":"default","ast-global-header-display":"","ast-banner-title-visibility":"","ast-main-header-display":"","ast-hfb-above-header-display":"","ast-hfb-below-header-display":"","ast-hfb-mobile-header-display":"","site-post-title":"","ast-breadcrumbs-content":"","ast-featured-img":"","footer-sml-layout":"","ast-disable-related-posts":"","theme-transparent-header-meta":"","adv-header-id-meta":"","stick-header-meta":"","header-above-stick-meta":"","header-main-stick-meta":"","header-below-stick-meta":"","astra-migrate-meta-layouts":"default","ast-page-background-enabled":"default","ast-page-background-meta":{"desktop":{"background-color":"var(--ast-global-color-5)","background-image":"","background-repeat":"repeat","background-position":"center center","background-size":"auto","background-attachment":"scroll","background-type":"","background-media":"","overlay-type":"","overlay-color":"","overlay-opacity":"","overlay-gradient":""},"tablet":{"background-color":"","background-image":"","background-repeat":"repeat","background-position":"center center","background-size":"auto","background-attachment":"scroll","background-type":"","background-media":"","overlay-type":"","overlay-color":"","overlay-opacity":"","overlay-gradient":""},"mobile":{"background-color":"","background-image":"","background-repeat":"repeat","background-position":"center center","background-size":"auto","background-attachment":"scroll","background-type":"","background-media":"","overlay-type":"","overlay-color":"","overlay-opacity":"","overlay-gradient":""}},"ast-content-background-meta":{"desktop":{"background-color":"var(--ast-global-color-4)","background-image":"","background-repeat":"repeat","background-position":"center center","background-size":"auto","background-attachment":"scroll","background-type":"","background-media":"","overlay-type":"","overlay-color":"","overlay-opacity":"","overlay-gradient":""},"tablet":{"background-color":"var(--ast-global-color-4)","background-image":"","background-repeat":"repeat","background-position":"center center","background-size":"auto","background-attachment":"scroll","background-type":"","background-media":"","overlay-type":"","overlay-color":"","overlay-opacity":"","overlay-gradient":""},"mobile":{"background-color":"var(--ast-global-color-4)","background-image":"","background-repeat":"repeat","background-position":"center center","background-size":"auto","background-attachment":"scroll","background-type":"","background-media":"","overlay-type":"","overlay-color":"","overlay-opacity":"","overlay-gradient":""}},"footnotes":""},"class_list":["post-472","page","type-page","status-publish","hentry"],"_links":{"self":[{"href":"https:\/\/helpdesk.wsnes.de\/index.php?rest_route=\/wp\/v2\/pages\/472","targetHints":{"allow":["GET"]}}],"collection":[{"href":"https:\/\/helpdesk.wsnes.de\/index.php?rest_route=\/wp\/v2\/pages"}],"about":[{"href":"https:\/\/helpdesk.wsnes.de\/index.php?rest_route=\/wp\/v2\/types\/page"}],"author":[{"embeddable":true,"href":"https:\/\/helpdesk.wsnes.de\/index.php?rest_route=\/wp\/v2\/users\/1"}],"replies":[{"embeddable":true,"href":"https:\/\/helpdesk.wsnes.de\/index.php?rest_route=%2Fwp%2Fv2%2Fcomments&post=472"}],"version-history":[{"count":2,"href":"https:\/\/helpdesk.wsnes.de\/index.php?rest_route=\/wp\/v2\/pages\/472\/revisions"}],"predecessor-version":[{"id":604,"href":"https:\/\/helpdesk.wsnes.de\/index.php?rest_route=\/wp\/v2\/pages\/472\/revisions\/604"}],"wp:attachment":[{"href":"https:\/\/helpdesk.wsnes.de\/index.php?rest_route=%2Fwp%2Fv2%2Fmedia&parent=472"}],"curies":[{"name":"wp","href":"https:\/\/api.w.org\/{rel}","templated":true}]}}